{"id":3138,"date":"2023-05-03T06:44:09","date_gmt":"2023-05-03T06:44:09","guid":{"rendered":"https:\/\/www.byvaga.se\/?post_type=product&#038;p=3138"},"modified":"2023-06-20T11:10:41","modified_gmt":"2023-06-20T11:10:41","slug":"solo-bracelet-whitegold","status":"publish","type":"product","link":"https:\/\/www.byvaga.se\/en\/produkt\/solo-bracelet-whitegold\/","title":{"rendered":"SOLO BRACELET WHITEGOLD"},"content":{"rendered":"<p>Solo bangle representerar enkelhet n\u00e4r den \u00e4r som b\u00e4st. Illusionen av en tunn kedja som \u00e4r lindad p\u00e5 en tub ger en superfin lyster och ger en lyxig k\u00e4nsla. Solo armband passar alla handleder. B\u00e4r den som ett ensamsmycke eller tillsammans med andra by V\u00c5GA armband i layering.<\/p>\n","protected":false},"excerpt":{"rendered":"<p>Cool bangle med fin lyster som passar alla.<\/p>\n","protected":false},"featured_media":1590,"template":"","meta":{"_acf_changed":false},"product_brand":[],"product_cat":[301,279,303],"product_tag":[],"class_list":{"0":"post-3138","1":"product","2":"type-product","3":"status-publish","4":"has-post-thumbnail","6":"product_cat-bangle-en","7":"product_cat-bracelet","8":"product_cat-chains-bracelet","10":"first","11":"instock","12":"taxable","13":"shipping-taxable","14":"purchasable","15":"product-type-simple"},"acf":[],"yoast_head":"<!-- This site is optimized with the Yoast SEO plugin v27.5 - https:\/\/yoast.com\/product\/yoast-seo-wordpress\/ -->\n<title>SOLO BRACELET WHITEGOLD - ByV\u00e5ga<\/title>\n<meta name=\"description\" content=\"Cool bangle med fin lyster som passar alla.\" \/>\n<meta name=\"robots\" content=\"index, follow, max-snippet:-1, max-image-preview:large, max-video-preview:-1\" \/>\n<link rel=\"canonical\" href=\"https:\/\/www.byvaga.se\/en\/produkt\/solo-bracelet-whitegold\/\" \/>\n<meta property=\"og:locale\" content=\"en_US\" \/>\n<meta property=\"og:type\" content=\"article\" \/>\n<meta property=\"og:title\" content=\"SOLO BRACELET WHITEGOLD - ByV\u00e5ga\" \/>\n<meta property=\"og:description\" content=\"Cool bangle med fin lyster som passar alla.\" \/>\n<meta property=\"og:url\" content=\"https:\/\/www.byvaga.se\/en\/produkt\/solo-bracelet-whitegold\/\" \/>\n<meta property=\"og:site_name\" content=\"ByV\u00e5ga\" \/>\n<meta property=\"article:modified_time\" content=\"2023-06-20T11:10:41+00:00\" \/>\n<meta property=\"og:image\" content=\"https:\/\/www.byvaga.se\/wp-content\/uploads\/2023\/05\/31403-910.jpg\" \/>\n\t<meta property=\"og:image:width\" content=\"1080\" \/>\n\t<meta property=\"og:image:height\" content=\"1080\" \/>\n\t<meta property=\"og:image:type\" content=\"image\/jpeg\" \/>\n<meta name=\"twitter:card\" content=\"summary_large_image\" \/>\n<meta name=\"twitter:label1\" content=\"Est. reading time\" \/>\n\t<meta name=\"twitter:data1\" content=\"1 minute\" \/>\n<script type=\"application\/ld+json\" class=\"yoast-schema-graph\">{\"@context\":\"https:\\\/\\\/schema.org\",\"@graph\":[{\"@type\":\"WebPage\",\"@id\":\"https:\\\/\\\/www.byvaga.se\\\/en\\\/produkt\\\/solo-bracelet-whitegold\\\/\",\"url\":\"https:\\\/\\\/www.byvaga.se\\\/en\\\/produkt\\\/solo-bracelet-whitegold\\\/\",\"name\":\"SOLO BRACELET WHITEGOLD - ByV\u00e5ga\",\"isPartOf\":{\"@id\":\"https:\\\/\\\/www.byvaga.se\\\/en\\\/#website\"},\"primaryImageOfPage\":{\"@id\":\"https:\\\/\\\/www.byvaga.se\\\/en\\\/produkt\\\/solo-bracelet-whitegold\\\/#primaryimage\"},\"image\":{\"@id\":\"https:\\\/\\\/www.byvaga.se\\\/en\\\/produkt\\\/solo-bracelet-whitegold\\\/#primaryimage\"},\"thumbnailUrl\":\"https:\\\/\\\/www.byvaga.se\\\/wp-content\\\/uploads\\\/2023\\\/05\\\/31403-910.jpg\",\"datePublished\":\"2023-05-03T06:44:09+00:00\",\"dateModified\":\"2023-06-20T11:10:41+00:00\",\"description\":\"Cool bangle med fin lyster som passar alla.\",\"breadcrumb\":{\"@id\":\"https:\\\/\\\/www.byvaga.se\\\/en\\\/produkt\\\/solo-bracelet-whitegold\\\/#breadcrumb\"},\"inLanguage\":\"en-US\",\"potentialAction\":[{\"@type\":\"ReadAction\",\"target\":[\"https:\\\/\\\/www.byvaga.se\\\/en\\\/produkt\\\/solo-bracelet-whitegold\\\/\"]}]},{\"@type\":\"ImageObject\",\"inLanguage\":\"en-US\",\"@id\":\"https:\\\/\\\/www.byvaga.se\\\/en\\\/produkt\\\/solo-bracelet-whitegold\\\/#primaryimage\",\"url\":\"https:\\\/\\\/www.byvaga.se\\\/wp-content\\\/uploads\\\/2023\\\/05\\\/31403-910.jpg\",\"contentUrl\":\"https:\\\/\\\/www.byvaga.se\\\/wp-content\\\/uploads\\\/2023\\\/05\\\/31403-910.jpg\",\"width\":1080,\"height\":1080},{\"@type\":\"BreadcrumbList\",\"@id\":\"https:\\\/\\\/www.byvaga.se\\\/en\\\/produkt\\\/solo-bracelet-whitegold\\\/#breadcrumb\",\"itemListElement\":[{\"@type\":\"ListItem\",\"position\":1,\"name\":\"Hem\",\"item\":\"https:\\\/\\\/www.byvaga.se\\\/en\\\/\"},{\"@type\":\"ListItem\",\"position\":2,\"name\":\"Shop\",\"item\":\"https:\\\/\\\/www.byvaga.se\\\/en\\\/shop\\\/\"},{\"@type\":\"ListItem\",\"position\":3,\"name\":\"SOLO BRACELET WHITEGOLD\"}]},{\"@type\":\"WebSite\",\"@id\":\"https:\\\/\\\/www.byvaga.se\\\/en\\\/#website\",\"url\":\"https:\\\/\\\/www.byvaga.se\\\/en\\\/\",\"name\":\"ByV\u00e5ga\",\"description\":\"FEMININE \u2013 COOL \u2013 LUXURIOUS\",\"potentialAction\":[{\"@type\":\"SearchAction\",\"target\":{\"@type\":\"EntryPoint\",\"urlTemplate\":\"https:\\\/\\\/www.byvaga.se\\\/en\\\/?s={search_term_string}\"},\"query-input\":{\"@type\":\"PropertyValueSpecification\",\"valueRequired\":true,\"valueName\":\"search_term_string\"}}],\"inLanguage\":\"en-US\"}]}<\/script>\n<!-- \/ Yoast SEO plugin. -->","yoast_head_json":{"title":"SOLO BRACELET WHITEGOLD - ByV\u00e5ga","description":"Cool bangle med fin lyster som passar alla.","robots":{"index":"index","follow":"follow","max-snippet":"max-snippet:-1","max-image-preview":"max-image-preview:large","max-video-preview":"max-video-preview:-1"},"canonical":"https:\/\/www.byvaga.se\/en\/produkt\/solo-bracelet-whitegold\/","og_locale":"en_US","og_type":"article","og_title":"SOLO BRACELET WHITEGOLD - ByV\u00e5ga","og_description":"Cool bangle med fin lyster som passar alla.","og_url":"https:\/\/www.byvaga.se\/en\/produkt\/solo-bracelet-whitegold\/","og_site_name":"ByV\u00e5ga","article_modified_time":"2023-06-20T11:10:41+00:00","og_image":[{"width":1080,"height":1080,"url":"https:\/\/www.byvaga.se\/wp-content\/uploads\/2023\/05\/31403-910.jpg","type":"image\/jpeg"}],"twitter_card":"summary_large_image","twitter_misc":{"Est. reading time":"1 minute"},"schema":{"@context":"https:\/\/schema.org","@graph":[{"@type":"WebPage","@id":"https:\/\/www.byvaga.se\/en\/produkt\/solo-bracelet-whitegold\/","url":"https:\/\/www.byvaga.se\/en\/produkt\/solo-bracelet-whitegold\/","name":"SOLO BRACELET WHITEGOLD - ByV\u00e5ga","isPartOf":{"@id":"https:\/\/www.byvaga.se\/en\/#website"},"primaryImageOfPage":{"@id":"https:\/\/www.byvaga.se\/en\/produkt\/solo-bracelet-whitegold\/#primaryimage"},"image":{"@id":"https:\/\/www.byvaga.se\/en\/produkt\/solo-bracelet-whitegold\/#primaryimage"},"thumbnailUrl":"https:\/\/www.byvaga.se\/wp-content\/uploads\/2023\/05\/31403-910.jpg","datePublished":"2023-05-03T06:44:09+00:00","dateModified":"2023-06-20T11:10:41+00:00","description":"Cool bangle med fin lyster som passar alla.","breadcrumb":{"@id":"https:\/\/www.byvaga.se\/en\/produkt\/solo-bracelet-whitegold\/#breadcrumb"},"inLanguage":"en-US","potentialAction":[{"@type":"ReadAction","target":["https:\/\/www.byvaga.se\/en\/produkt\/solo-bracelet-whitegold\/"]}]},{"@type":"ImageObject","inLanguage":"en-US","@id":"https:\/\/www.byvaga.se\/en\/produkt\/solo-bracelet-whitegold\/#primaryimage","url":"https:\/\/www.byvaga.se\/wp-content\/uploads\/2023\/05\/31403-910.jpg","contentUrl":"https:\/\/www.byvaga.se\/wp-content\/uploads\/2023\/05\/31403-910.jpg","width":1080,"height":1080},{"@type":"BreadcrumbList","@id":"https:\/\/www.byvaga.se\/en\/produkt\/solo-bracelet-whitegold\/#breadcrumb","itemListElement":[{"@type":"ListItem","position":1,"name":"Hem","item":"https:\/\/www.byvaga.se\/en\/"},{"@type":"ListItem","position":2,"name":"Shop","item":"https:\/\/www.byvaga.se\/en\/shop\/"},{"@type":"ListItem","position":3,"name":"SOLO BRACELET WHITEGOLD"}]},{"@type":"WebSite","@id":"https:\/\/www.byvaga.se\/en\/#website","url":"https:\/\/www.byvaga.se\/en\/","name":"ByV\u00e5ga","description":"FEMININE \u2013 COOL \u2013 LUXURIOUS","potentialAction":[{"@type":"SearchAction","target":{"@type":"EntryPoint","urlTemplate":"https:\/\/www.byvaga.se\/en\/?s={search_term_string}"},"query-input":{"@type":"PropertyValueSpecification","valueRequired":true,"valueName":"search_term_string"}}],"inLanguage":"en-US"}]}},"kroconnect":{"tax_rate":25,"price_inc_vat":{"regular_price":39.9},"price_ex_vat":{"regular_price":31.919999999999998}},"_links":{"self":[{"href":"https:\/\/www.byvaga.se\/en\/wp-json\/wp\/v2\/product\/3138","targetHints":{"allow":["GET"]}}],"collection":[{"href":"https:\/\/www.byvaga.se\/en\/wp-json\/wp\/v2\/product"}],"about":[{"href":"https:\/\/www.byvaga.se\/en\/wp-json\/wp\/v2\/types\/product"}],"wp:featuredmedia":[{"embeddable":true,"href":"https:\/\/www.byvaga.se\/en\/wp-json\/wp\/v2\/media\/1590"}],"wp:attachment":[{"href":"https:\/\/www.byvaga.se\/en\/wp-json\/wp\/v2\/media?parent=3138"}],"wp:term":[{"taxonomy":"product_brand","embeddable":true,"href":"https:\/\/www.byvaga.se\/en\/wp-json\/wp\/v2\/product_brand?post=3138"},{"taxonomy":"product_cat","embeddable":true,"href":"https:\/\/www.byvaga.se\/en\/wp-json\/wp\/v2\/product_cat?post=3138"},{"taxonomy":"product_tag","embeddable":true,"href":"https:\/\/www.byvaga.se\/en\/wp-json\/wp\/v2\/product_tag?post=3138"}],"curies":[{"name":"wp","href":"https:\/\/api.w.org\/{rel}","templated":true}]}}